{"id":3516,"date":"2021-12-20T09:00:11","date_gmt":"2021-12-20T08:00:11","guid":{"rendered":"http:\/\/www.badenhaus.it\/recrutement\/"},"modified":"2022-09-26T08:25:06","modified_gmt":"2022-09-26T06:25:06","slug":"recrutement","status":"publish","type":"page","link":"https:\/\/www.badenhaus.it\/fr\/recrutement\/","title":{"rendered":"Recrutement"},"content":{"rendered":"\n<style type=\"text\/css\" data-created_by=\"avia_inline_auto\" id=\"style-css-av-vdljfn-a6b25ba967f88d1d0adbaa7fd7a3594e\">\n.avia-section.av-vdljfn-a6b25ba967f88d1d0adbaa7fd7a3594e .av-parallax .av-parallax-inner{\nbackground-repeat:no-repeat;\nbackground-image:url(https:\/\/www.badenhaus.it\/wp-content\/uploads\/2021\/10\/slide-_fiere_3.jpg);\nbackground-position:50% 100%;\nbackground-attachment:scroll;\n}\n.avia-section.av-vdljfn-a6b25ba967f88d1d0adbaa7fd7a3594e .av-section-color-overlay{\nopacity:0.6;\nbackground-color:#012069;\n}\n<\/style>\n<div id='av_section_1'  class='avia-section av-vdljfn-a6b25ba967f88d1d0adbaa7fd7a3594e main_color avia-section-huge avia-no-border-styling  avia-builder-el-0  el_before_av_section  avia-builder-el-first  avia-full-stretch av-parallax-section avia-bg-style-parallax av-section-color-overlay-active container_wrap fullsize'  data-section-bg-repeat='stretch'><div class='av-parallax' data-avia-parallax-ratio='0.3' ><div class='av-parallax-inner main_color avia-full-stretch'><\/div><\/div><div class=\"av-section-color-overlay-wrap\"><div class=\"av-section-color-overlay\"><\/div><div class='container av-section-cont-open' ><main  role=\"main\" itemprop=\"mainContentOfPage\"  class='template-page content  av-content-full alpha units'><div class='post-entry post-entry-type-page post-entry-3516'><div class='entry-content-wrapper clearfix'>\n\n<style type=\"text\/css\" data-created_by=\"avia_inline_auto\" id=\"style-css-av-t776hv-2998bd45445009ae927f8c0a615f5304\">\n#top .flex_column.av-t776hv-2998bd45445009ae927f8c0a615f5304{\nmargin-top:0px;\nmargin-bottom:0px;\n}\n.flex_column.av-t776hv-2998bd45445009ae927f8c0a615f5304{\nborder-radius:0px 0px 0px 0px;\npadding:0px 0px 0px 0px;\n}\n.responsive #top #wrap_all .flex_column.av-t776hv-2998bd45445009ae927f8c0a615f5304{\nmargin-top:0px;\nmargin-bottom:0px;\n}\n<\/style>\n<div  class='flex_column av-t776hv-2998bd45445009ae927f8c0a615f5304 av_one_full  avia-builder-el-1  avia-builder-el-no-sibling  first flex_column_div av-animated-generic left-to-right av-zero-column-padding  '     ><style type=\"text\/css\" data-created_by=\"avia_inline_auto\" id=\"style-css-av-qt098z-8b86bd8b6aff290778fccc5a0ea5fdee\">\n#top .av-special-heading.av-qt098z-8b86bd8b6aff290778fccc5a0ea5fdee{\nmargin:0 0 0 0;\npadding-bottom:0;\ncolor:#ffffff;\nfont-size:4vw;\n}\nbody .av-special-heading.av-qt098z-8b86bd8b6aff290778fccc5a0ea5fdee .av-special-heading-tag .heading-char{\nfont-size:25px;\n}\n#top #wrap_all .av-special-heading.av-qt098z-8b86bd8b6aff290778fccc5a0ea5fdee .av-special-heading-tag{\nfont-size:4vw;\n}\n.av-special-heading.av-qt098z-8b86bd8b6aff290778fccc5a0ea5fdee .special-heading-inner-border{\nborder-color:#ffffff;\n}\n.av-special-heading.av-qt098z-8b86bd8b6aff290778fccc5a0ea5fdee .av-subheading{\nfont-size:20px;\n}\n\n@media only screen and (min-width: 480px) and (max-width: 767px){ \n#top #wrap_all .av-special-heading.av-qt098z-8b86bd8b6aff290778fccc5a0ea5fdee .av-special-heading-tag{\nfont-size:0.8em;\n}\n}\n\n@media only screen and (max-width: 479px){ \n#top #wrap_all .av-special-heading.av-qt098z-8b86bd8b6aff290778fccc5a0ea5fdee .av-special-heading-tag{\nfont-size:0.8em;\n}\n}\n<\/style>\n<div  class='av-special-heading av-qt098z-8b86bd8b6aff290778fccc5a0ea5fdee av-special-heading-h2 custom-color-heading blockquote modern-quote modern-centered  avia-builder-el-2  avia-builder-el-no-sibling  av-inherit-size'><h2 class='av-special-heading-tag '  itemprop=\"headline\"  >RECRUTEMENT<\/h2><div class='av_custom_color av-subheading av-subheading_below'><p>Baden Haus est une soci\u00e9t\u00e9 jeune et dynamique.<br \/>\nChaque collaborateur est part int\u00e9grante d&rsquo;un grand groupe et d&rsquo;une r\u00e9alit\u00e9 importante.<\/p>\n<\/div><div class=\"special-heading-border\"><div class=\"special-heading-inner-border\"><\/div><\/div><\/div><\/div>\n\n<\/div><\/div><\/main><!-- close content main element --><\/div><\/div><\/div><div id='av_section_2'  class='avia-section av-qaq8z7-52383adb0996c24ea56bbef72ff53a7c main_color avia-section-default avia-no-border-styling  avia-builder-el-3  el_after_av_section  avia-builder-el-last  avia-bg-style-scroll container_wrap fullsize'  ><div class='container av-section-cont-open' ><div class='template-page content  av-content-full alpha units'><div class='post-entry post-entry-type-page post-entry-3516'><div class='entry-content-wrapper clearfix'>\n<div class='flex_column_table av-nstd77-4c41e9199fa2e9faecf453cd6b315aec sc-av_one_third av-equal-height-column-flextable'>\n<style type=\"text\/css\" data-created_by=\"avia_inline_auto\" id=\"style-css-av-nstd77-4c41e9199fa2e9faecf453cd6b315aec\">\n#top .flex_column_table.av-equal-height-column-flextable.av-nstd77-4c41e9199fa2e9faecf453cd6b315aec{\nmargin-top:0px;\nmargin-bottom:70px;\n}\n.flex_column.av-nstd77-4c41e9199fa2e9faecf453cd6b315aec{\nborder-radius:3px 3px 3px 3px;\npadding:40px 40px 40px 40px;\nbackground-color:#f7f7f7;\n}\n<\/style>\n<div  class='flex_column av-nstd77-4c41e9199fa2e9faecf453cd6b315aec av_one_third  avia-builder-el-4  el_before_av_one_half  avia-builder-el-first  first flex_column_table_cell av-equal-height-column av-align-middle av-animated-generic left-to-right  '     ><p>\n<style type=\"text\/css\" data-created_by=\"avia_inline_auto\" id=\"style-css-av-muzaw3-325164e07f5f920febc0989b765dd0e7\">\n#top .av-special-heading.av-muzaw3-325164e07f5f920febc0989b765dd0e7{\nmargin:25px 0 0 0;\npadding-bottom:10px;\n}\nbody .av-special-heading.av-muzaw3-325164e07f5f920febc0989b765dd0e7 .av-special-heading-tag .heading-char{\nfont-size:25px;\n}\n.av-special-heading.av-muzaw3-325164e07f5f920febc0989b765dd0e7 .av-subheading{\nfont-size:15px;\n}\n<\/style>\n<div  class='av-special-heading av-muzaw3-325164e07f5f920febc0989b765dd0e7 av-special-heading-h2 custom-color-heading blockquote modern-quote modern-centered  avia-builder-el-5  el_before_av_textblock  avia-builder-el-first '><h2 class='av-special-heading-tag '  itemprop=\"headline\"  >REJOIGNEZ NOTRE TEAM<\/h2><div class=\"special-heading-border\"><div class=\"special-heading-inner-border\"><\/div><\/div><\/div><br \/>\n<section  class='av_textblock_section av-kkpmir-f1564ce89cd405b8ae65b7c1406f679d '   itemscope=\"itemscope\" itemtype=\"https:\/\/schema.org\/CreativeWork\" ><div class='avia_textblock av_inherit_color'  itemprop=\"text\" ><p style=\"text-align: center;\">Compl\u00e9tez le formulaire et transmettes vos donn\u00e9es personnelles et votre curriculum vitae. Les informations seront m\u00e9moris\u00e9es dans notre syst\u00e8me o\u00f9 nous puisons pour un entretient d&#8217;embauche.<\/p>\n<\/div><\/section><br \/>\n\n<style type=\"text\/css\" data-created_by=\"avia_inline_auto\" id=\"style-css-av-jrlbbn-9c20a9e7384abaa1cbfc8f4fbc1ff642\">\n#top .hr.hr-invisible.av-jrlbbn-9c20a9e7384abaa1cbfc8f4fbc1ff642{\nheight:20px;\n}\n<\/style>\n<div  class='hr av-jrlbbn-9c20a9e7384abaa1cbfc8f4fbc1ff642 hr-invisible  avia-builder-el-7  el_after_av_textblock  avia-builder-el-last '><span class='hr-inner '><span class=\"hr-inner-style\"><\/span><\/span><\/div><\/p><\/div><div class='av-flex-placeholder'><\/div>\n<style type=\"text\/css\" data-created_by=\"avia_inline_auto\" id=\"style-css-av-hkylgj-52f168d6b49c9a61b1f3802c3838f6ff\">\n#top .flex_column_table.av-equal-height-column-flextable.av-hkylgj-52f168d6b49c9a61b1f3802c3838f6ff{\nmargin-top:0px;\nmargin-bottom:70px;\n}\n.flex_column.av-hkylgj-52f168d6b49c9a61b1f3802c3838f6ff{\nborder-radius:3px 3px 3px 3px;\npadding:40px 40px 40px 40px;\n}\n<\/style>\n<div  class='flex_column av-hkylgj-52f168d6b49c9a61b1f3802c3838f6ff av_one_half  avia-builder-el-8  el_after_av_one_third  avia-builder-el-last  flex_column_table_cell av-equal-height-column av-align-middle av-animated-generic left-to-right  '     ><p>\n<style type=\"text\/css\" data-created_by=\"avia_inline_auto\" id=\"style-css-av-1n6awz-bff24e380585eafcd350c0eab463664a\">\n#top .av-special-heading.av-1n6awz-bff24e380585eafcd350c0eab463664a{\npadding-bottom:10px;\n}\nbody .av-special-heading.av-1n6awz-bff24e380585eafcd350c0eab463664a .av-special-heading-tag .heading-char{\nfont-size:25px;\n}\n.av-special-heading.av-1n6awz-bff24e380585eafcd350c0eab463664a .av-subheading{\nfont-size:15px;\n}\n<\/style>\n<div  class='av-special-heading av-1n6awz-bff24e380585eafcd350c0eab463664a av-special-heading-h2 blockquote modern-quote  avia-builder-el-9  el_before_av_codeblock  avia-builder-el-first '><h2 class='av-special-heading-tag '  itemprop=\"headline\"  >REJOIGNEZ NOTRE TEAM<\/h2><div class=\"special-heading-border\"><div class=\"special-heading-inner-border\"><\/div><\/div><\/div><br \/>\n<\/p><\/div><\/div><!--close column table wrapper. Autoclose: 1 -->\n","protected":false},"excerpt":{"rendered":"","protected":false},"author":1,"featured_media":0,"parent":0,"menu_order":0,"comment_status":"closed","ping_status":"closed","template":"","meta":{"footnotes":""},"class_list":["post-3516","page","type-page","status-publish","hentry"],"yoast_head":"<!-- This site is optimized with the Yoast SEO plugin v25.2 - https:\/\/yoast.com\/wordpress\/plugins\/seo\/ -->\n<title>Recrutement - Baden Haus<\/title>\n<meta name=\"description\" content=\"Baden Haus est une soci\u00e9t\u00e9 jeune et dynamique. Chaque collaborateur est part int\u00e9grante d\u2019un grand groupe et d\u2019une r\u00e9alit\u00e9 importante.\" \/>\n<meta name=\"robots\" content=\"index, follow, max-snippet:-1, max-image-preview:large, max-video-preview:-1\" \/>\n<link rel=\"canonical\" href=\"https:\/\/www.badenhaus.it\/fr\/recrutement\/\" \/>\n<meta property=\"og:locale\" content=\"fr_FR\" \/>\n<meta property=\"og:type\" content=\"article\" \/>\n<meta property=\"og:title\" content=\"Recrutement - Baden Haus\" \/>\n<meta property=\"og:description\" content=\"Baden Haus est une soci\u00e9t\u00e9 jeune et dynamique. Chaque collaborateur est part int\u00e9grante d\u2019un grand groupe et d\u2019une r\u00e9alit\u00e9 importante.\" \/>\n<meta property=\"og:url\" content=\"https:\/\/www.badenhaus.it\/fr\/recrutement\/\" \/>\n<meta property=\"og:site_name\" content=\"Baden Haus\" \/>\n<meta property=\"article:modified_time\" content=\"2022-09-26T06:25:06+00:00\" \/>\n<meta name=\"twitter:card\" content=\"summary_large_image\" \/>\n<meta name=\"twitter:label1\" content=\"Dur\u00e9e de lecture estim\u00e9e\" \/>\n\t<meta name=\"twitter:data1\" content=\"7 minutes\" \/>\n<script type=\"application\/ld+json\" class=\"yoast-schema-graph\">{\"@context\":\"https:\/\/schema.org\",\"@graph\":[{\"@type\":\"WebPage\",\"@id\":\"https:\/\/www.badenhaus.it\/fr\/recrutement\/\",\"url\":\"https:\/\/www.badenhaus.it\/fr\/recrutement\/\",\"name\":\"Recrutement - Baden Haus\",\"isPartOf\":{\"@id\":\"https:\/\/www.badenhaus.it\/fr\/#website\"},\"datePublished\":\"2021-12-20T08:00:11+00:00\",\"dateModified\":\"2022-09-26T06:25:06+00:00\",\"description\":\"Baden Haus est une soci\u00e9t\u00e9 jeune et dynamique. Chaque collaborateur est part int\u00e9grante d\u2019un grand groupe et d\u2019une r\u00e9alit\u00e9 importante.\",\"breadcrumb\":{\"@id\":\"https:\/\/www.badenhaus.it\/fr\/recrutement\/#breadcrumb\"},\"inLanguage\":\"fr-FR\",\"potentialAction\":[{\"@type\":\"ReadAction\",\"target\":[\"https:\/\/www.badenhaus.it\/fr\/recrutement\/\"]}]},{\"@type\":\"BreadcrumbList\",\"@id\":\"https:\/\/www.badenhaus.it\/fr\/recrutement\/#breadcrumb\",\"itemListElement\":[{\"@type\":\"ListItem\",\"position\":1,\"name\":\"Home\",\"item\":\"https:\/\/www.badenhaus.it\/fr\/home\/\"},{\"@type\":\"ListItem\",\"position\":2,\"name\":\"Recrutement\"}]},{\"@type\":\"WebSite\",\"@id\":\"https:\/\/www.badenhaus.it\/fr\/#website\",\"url\":\"https:\/\/www.badenhaus.it\/fr\/\",\"name\":\"Baden Haus\",\"description\":\"Produzione mobili da bagno made in Italy\",\"potentialAction\":[{\"@type\":\"SearchAction\",\"target\":{\"@type\":\"EntryPoint\",\"urlTemplate\":\"https:\/\/www.badenhaus.it\/fr\/?s={search_term_string}\"},\"query-input\":{\"@type\":\"PropertyValueSpecification\",\"valueRequired\":true,\"valueName\":\"search_term_string\"}}],\"inLanguage\":\"fr-FR\"}]}<\/script>\n<!-- \/ Yoast SEO plugin. -->","yoast_head_json":{"title":"Recrutement - Baden Haus","description":"Baden Haus est une soci\u00e9t\u00e9 jeune et dynamique. Chaque collaborateur est part int\u00e9grante d\u2019un grand groupe et d\u2019une r\u00e9alit\u00e9 importante.","robots":{"index":"index","follow":"follow","max-snippet":"max-snippet:-1","max-image-preview":"max-image-preview:large","max-video-preview":"max-video-preview:-1"},"canonical":"https:\/\/www.badenhaus.it\/fr\/recrutement\/","og_locale":"fr_FR","og_type":"article","og_title":"Recrutement - Baden Haus","og_description":"Baden Haus est une soci\u00e9t\u00e9 jeune et dynamique. Chaque collaborateur est part int\u00e9grante d\u2019un grand groupe et d\u2019une r\u00e9alit\u00e9 importante.","og_url":"https:\/\/www.badenhaus.it\/fr\/recrutement\/","og_site_name":"Baden Haus","article_modified_time":"2022-09-26T06:25:06+00:00","twitter_card":"summary_large_image","twitter_misc":{"Dur\u00e9e de lecture estim\u00e9e":"7 minutes"},"schema":{"@context":"https:\/\/schema.org","@graph":[{"@type":"WebPage","@id":"https:\/\/www.badenhaus.it\/fr\/recrutement\/","url":"https:\/\/www.badenhaus.it\/fr\/recrutement\/","name":"Recrutement - Baden Haus","isPartOf":{"@id":"https:\/\/www.badenhaus.it\/fr\/#website"},"datePublished":"2021-12-20T08:00:11+00:00","dateModified":"2022-09-26T06:25:06+00:00","description":"Baden Haus est une soci\u00e9t\u00e9 jeune et dynamique. Chaque collaborateur est part int\u00e9grante d\u2019un grand groupe et d\u2019une r\u00e9alit\u00e9 importante.","breadcrumb":{"@id":"https:\/\/www.badenhaus.it\/fr\/recrutement\/#breadcrumb"},"inLanguage":"fr-FR","potentialAction":[{"@type":"ReadAction","target":["https:\/\/www.badenhaus.it\/fr\/recrutement\/"]}]},{"@type":"BreadcrumbList","@id":"https:\/\/www.badenhaus.it\/fr\/recrutement\/#breadcrumb","itemListElement":[{"@type":"ListItem","position":1,"name":"Home","item":"https:\/\/www.badenhaus.it\/fr\/home\/"},{"@type":"ListItem","position":2,"name":"Recrutement"}]},{"@type":"WebSite","@id":"https:\/\/www.badenhaus.it\/fr\/#website","url":"https:\/\/www.badenhaus.it\/fr\/","name":"Baden Haus","description":"Produzione mobili da bagno made in Italy","potentialAction":[{"@type":"SearchAction","target":{"@type":"EntryPoint","urlTemplate":"https:\/\/www.badenhaus.it\/fr\/?s={search_term_string}"},"query-input":{"@type":"PropertyValueSpecification","valueRequired":true,"valueName":"search_term_string"}}],"inLanguage":"fr-FR"}]}},"_links":{"self":[{"href":"https:\/\/www.badenhaus.it\/fr\/wp-json\/wp\/v2\/pages\/3516","targetHints":{"allow":["GET"]}}],"collection":[{"href":"https:\/\/www.badenhaus.it\/fr\/wp-json\/wp\/v2\/pages"}],"about":[{"href":"https:\/\/www.badenhaus.it\/fr\/wp-json\/wp\/v2\/types\/page"}],"author":[{"embeddable":true,"href":"https:\/\/www.badenhaus.it\/fr\/wp-json\/wp\/v2\/users\/1"}],"replies":[{"embeddable":true,"href":"https:\/\/www.badenhaus.it\/fr\/wp-json\/wp\/v2\/comments?post=3516"}],"version-history":[{"count":7,"href":"https:\/\/www.badenhaus.it\/fr\/wp-json\/wp\/v2\/pages\/3516\/revisions"}],"predecessor-version":[{"id":6403,"href":"https:\/\/www.badenhaus.it\/fr\/wp-json\/wp\/v2\/pages\/3516\/revisions\/6403"}],"wp:attachment":[{"href":"https:\/\/www.badenhaus.it\/fr\/wp-json\/wp\/v2\/media?parent=3516"}],"curies":[{"name":"wp","href":"https:\/\/api.w.org\/{rel}","templated":true}]}}